{"id":2670,"date":"2021-07-07T13:58:19","date_gmt":"2021-07-07T11:58:19","guid":{"rendered":"https:\/\/www.szzv.sk\/o-nas-copy\/"},"modified":"2026-04-20T07:39:50","modified_gmt":"2026-04-20T05:39:50","slug":"about-us","status":"publish","type":"page","link":"https:\/\/www.szzv.sk\/en\/about-us\/","title":{"rendered":"About us"},"content":{"rendered":"<p>[vc_row css=&#8221;.vc_custom_1624364127957{padding-bottom: 25px !important;}&#8221;][vc_column width=&#8221;1\/4&#8243;]<div class=\"team team_circle\"><h4 class=\"title\">Tom\u00e1\u0161 KAUTSK\u00dd<\/h4><div class=\"image_frame photo no_link scale-with-grid\"><div class=\"image_wrapper\"><img decoding=\"async\" class=\"scale-with-grid\" src=\"https:\/\/www.szzv.sk\/wp-content\/uploads\/2026\/01\/Tomas-Kautsky-perokresba-e1769450979667.png\" alt=\"About us\" width=\"\" height=\"\"\/><\/div><\/div><div class=\"desc_wrapper\"><p class=\"subtitle\"><b>Mondelez <\/b> President<\/p><hr class=\"hr_color\" \/><div class=\"desc\"><\/div><\/div><\/div>\n[\/vc_column][vc_column width=&#8221;1\/4&#8243;]<div class=\"team team_circle\"><h4 class=\"title\">Karol PONESZ<\/h4><div class=\"image_frame photo no_link scale-with-grid\"><div class=\"image_wrapper\"><img decoding=\"async\" class=\"scale-with-grid\" src=\"https:\/\/www.szzv.sk\/wp-content\/uploads\/2026\/01\/Karol-Ponesz-perokresba-e1769451557501.png\" alt=\"About us\" width=\"\" height=\"\"\/><\/div><\/div><div class=\"desc_wrapper\"><p class=\"subtitle\"><b>MATTONI 1873 <\/b> Vice President<\/p><hr class=\"hr_color\" \/><div class=\"desc\"><\/div><\/div><\/div>\n[\/vc_column][vc_column width=&#8221;1\/4&#8243;]<div class=\"team team_circle\"><h4 class=\"title\">Juraj BOLF<\/h4><div class=\"image_frame photo no_link scale-with-grid\"><div class=\"image_wrapper\"><img loading=\"lazy\" decoding=\"async\" class=\"scale-with-grid\" src=\"https:\/\/www.szzv.sk\/wp-content\/uploads\/2026\/01\/Juraj-Bolf-perokresba.png\" alt=\"Juraj-Bolf-perokresba\" width=\"1024\" height=\"1536\"\/><\/div><\/div><div class=\"desc_wrapper\"><p class=\"subtitle\"><b>Unilever <\/b> Member of the Board<\/p><hr class=\"hr_color\" \/><div class=\"desc\"><\/div><\/div><\/div>\n[\/vc_column][vc_column width=&#8221;1\/4&#8243;]<div class=\"team team_circle\"><h4 class=\"title\">Michal \u010cUBR\u00cdK<\/h4><div class=\"image_frame photo no_link scale-with-grid\"><div class=\"image_wrapper\"><img loading=\"lazy\" decoding=\"async\" class=\"scale-with-grid\" src=\"https:\/\/www.szzv.sk\/wp-content\/uploads\/2026\/01\/Michal-Cubrik-perokresba.png\" alt=\"Michal-Cubrik-perokresba\" width=\"1024\" height=\"1024\"\/><\/div><\/div><div class=\"desc_wrapper\"><p class=\"subtitle\"><b>Coca-Cola HBC <\/b> Member of the Board<\/p><hr class=\"hr_color\" \/><div class=\"desc\"><\/div><\/div><\/div>\n[\/vc_column][\/vc_row][vc_row css=&#8221;.vc_custom_1624364138002{padding-top: 25px !important;padding-bottom: 25px !important;}&#8221;][vc_column width=&#8221;1\/4&#8243;]<div class=\"team team_circle\"><h4 class=\"title\">Tom\u00e1\u0161 HUBA<\/h4><div class=\"image_frame photo no_link scale-with-grid\"><div class=\"image_wrapper\"><img loading=\"lazy\" decoding=\"async\" class=\"scale-with-grid\" src=\"https:\/\/www.szzv.sk\/wp-content\/uploads\/2026\/03\/ChatGPT-Image-12.-3.-2026-10_14_14.png\" alt=\"ChatGPT Image 12. 3. 2026, 10_14_14\" width=\"1024\" height=\"1024\"\/><\/div><\/div><div class=\"desc_wrapper\"><p class=\"subtitle\"><b>Pernod Ricard <\/b> Member of the Board<\/p><hr class=\"hr_color\" \/><div class=\"desc\"><\/div><\/div><\/div>\n[\/vc_column][vc_column width=&#8221;1\/4&#8243;]<div class=\"team team_circle\"><h4 class=\"title\">Maria JENDRISAKOVA<\/h4><div class=\"image_frame photo no_link scale-with-grid\"><div class=\"image_wrapper\"><img decoding=\"async\" class=\"scale-with-grid\" src=\"https:\/\/www.szzv.sk\/wp-content\/uploads\/2026\/01\/Maria-Jendrisakova-perokresba-e1769451365635.png\" alt=\"About us\" width=\"\" height=\"\"\/><\/div><\/div><div class=\"desc_wrapper\"><p class=\"subtitle\"><b>Danone <\/b> Member of the Board<\/p><hr class=\"hr_color\" \/><div class=\"desc\"><\/div><\/div><\/div>\n[\/vc_column][vc_column width=&#8221;1\/4&#8243;]<div class=\"team team_circle\"><h4 class=\"title\">Ivana POL\u00c1\u010cKOV\u00c1<\/h4><div class=\"image_frame photo no_link scale-with-grid\"><div class=\"image_wrapper\"><img decoding=\"async\" class=\"scale-with-grid\" src=\"https:\/\/www.szzv.sk\/wp-content\/uploads\/2026\/01\/Ivana-Polackova-perokresba-e1769451482381.png\" alt=\"About us\" width=\"\" height=\"\"\/><\/div><\/div><div class=\"desc_wrapper\"><p class=\"subtitle\"><b>Henkel <\/b> Member of the Board<\/p><hr class=\"hr_color\" \/><div class=\"desc\"><\/div><\/div><\/div>\n[\/vc_column][vc_column width=&#8221;1\/4&#8243;]<div class=\"team team_circle\"><h4 class=\"title\">Lubica NOVOTNA<\/h4><div class=\"image_frame photo no_link scale-with-grid\"><div class=\"image_wrapper\"><img loading=\"lazy\" decoding=\"async\" class=\"scale-with-grid\" src=\"https:\/\/www.szzv.sk\/wp-content\/uploads\/2026\/04\/ChatGPT-Image-20.-4.-2026-07_24_34.png\" alt=\"ChatGPT Image 20. 4. 2026, 07_24_34\" width=\"1024\" height=\"1024\"\/><\/div><\/div><div class=\"desc_wrapper\"><p class=\"subtitle\"><b>Nestl\u00e9 <\/b> Member of the Board<\/p><hr class=\"hr_color\" \/><div class=\"desc\"><\/div><\/div><\/div>\n[\/vc_column][\/vc_row][vc_row css=&#8221;.vc_custom_1624380326953{padding-top: 25px !important;padding-bottom: 60px !important;}&#8221;][vc_column width=&#8221;1\/4&#8243;][\/vc_column][vc_column width=&#8221;1\/4&#8243;]<div class=\"team team_circle\"><h4 class=\"title\">Mari\u00e1n KUKU\u010cKA<\/h4><div class=\"image_frame photo no_link scale-with-grid\"><div class=\"image_wrapper\"><img decoding=\"async\" class=\"scale-with-grid\" src=\"https:\/\/www.szzv.sk\/wp-content\/uploads\/2026\/01\/Marian-Kukucka-perokresba-e1769451651111.png\" alt=\"About us\" width=\"\" height=\"\"\/><\/div><\/div><div class=\"desc_wrapper\"><p class=\"subtitle\"><b>Philip Morris <\/b> Member of the Board<\/p><hr class=\"hr_color\" \/><div class=\"desc\"><\/div><\/div><\/div>\n[\/vc_column][vc_column width=&#8221;1\/4&#8243;]<div class=\"team team_circle\"><h4 class=\"title\">Michal VALKOVI\u010c<\/h4><div class=\"image_frame photo no_link scale-with-grid\"><div class=\"image_wrapper\"><img decoding=\"async\" class=\"scale-with-grid\" src=\"https:\/\/www.szzv.sk\/wp-content\/uploads\/2026\/01\/Michal-Valkovic-perokresba-e1769451727746.png\" alt=\"About us\" width=\"\" height=\"\"\/><\/div><\/div><div class=\"desc_wrapper\"><p class=\"subtitle\"><b>P&amp;G <\/b> Member of the Board<\/p><hr class=\"hr_color\" \/><div class=\"desc\"><\/div><\/div><\/div>\n[\/vc_column][vc_column width=&#8221;1\/4&#8243;][\/vc_column][\/vc_row]<\/p>\n","protected":false},"excerpt":{"rendered":"<p>[vc_row css=&#8221;.vc_custom_1624364127957{padding-bottom: 25px !important;}&#8221;][vc_column width=&#8221;1\/4&#8243;][\/vc_column][vc_column width=&#8221;1\/4&#8243;][\/vc_column][vc_column width=&#8221;1\/4&#8243;][\/vc_column][vc_column width=&#8221;1\/4&#8243;][\/vc_column][\/vc_row][vc_row css=&#8221;.vc_custom_1624364138002{padding-top: 25px !important;padding-bottom: 25px !important;}&#8221;][vc_column width=&#8221;1\/4&#8243;][\/vc_column][vc_column width=&#8221;1\/4&#8243;][\/vc_column][vc_column width=&#8221;1\/4&#8243;][\/vc_column][vc_column width=&#8221;1\/4&#8243;][\/vc_column][\/vc_row][vc_row css=&#8221;.vc_custom_1624380326953{padding-top: 25px !important;padding-bottom: 60px !important;}&#8221;][vc_column width=&#8221;1\/4&#8243;][\/vc_column][vc_column width=&#8221;1\/4&#8243;][\/vc_column][vc_column width=&#8221;1\/4&#8243;][\/vc_column][vc_column width=&#8221;1\/4&#8243;][\/vc_column][\/vc_row]<\/p>\n","protected":false},"author":1,"featured_media":0,"parent":0,"menu_order":0,"comment_status":"closed","ping_status":"closed","template":"","meta":{"inline_featured_image":false,"footnotes":""},"class_list":["post-2670","page","type-page","status-publish","hentry"],"_links":{"self":[{"href":"https:\/\/www.szzv.sk\/en\/wp-json\/wp\/v2\/pages\/2670","targetHints":{"allow":["GET"]}}],"collection":[{"href":"https:\/\/www.szzv.sk\/en\/wp-json\/wp\/v2\/pages"}],"about":[{"href":"https:\/\/www.szzv.sk\/en\/wp-json\/wp\/v2\/types\/page"}],"author":[{"embeddable":true,"href":"https:\/\/www.szzv.sk\/en\/wp-json\/wp\/v2\/users\/1"}],"replies":[{"embeddable":true,"href":"https:\/\/www.szzv.sk\/en\/wp-json\/wp\/v2\/comments?post=2670"}],"version-history":[{"count":10,"href":"https:\/\/www.szzv.sk\/en\/wp-json\/wp\/v2\/pages\/2670\/revisions"}],"predecessor-version":[{"id":21522,"href":"https:\/\/www.szzv.sk\/en\/wp-json\/wp\/v2\/pages\/2670\/revisions\/21522"}],"wp:attachment":[{"href":"https:\/\/www.szzv.sk\/en\/wp-json\/wp\/v2\/media?parent=2670"}],"curies":[{"name":"wp","href":"https:\/\/api.w.org\/{rel}","templated":true}]}}